{"id":6690,"date":"2022-01-21T09:01:13","date_gmt":"2022-01-21T08:01:13","guid":{"rendered":"https:\/\/stefline.com\/?page_id=6690"},"modified":"2023-07-12T16:44:42","modified_gmt":"2023-07-12T14:44:42","slug":"dedicaces","status":"publish","type":"page","link":"https:\/\/stefline.com\/index.php\/home-17\/dedicaces\/","title":{"rendered":"D\u00e9dicaces"},"content":{"rendered":"\t\t<div data-elementor-type=\"wp-page\" data-elementor-id=\"6690\" class=\"elementor elementor-6690\">\n\t\t\t\t\t\t<section class=\"elementor-section elementor-top-section elementor-element elementor-element-25c83132 elementor-section-boxed elementor-section-height-default elementor-section-height-default\" data-id=\"25c83132\" data-element_type=\"section\" data-e-type=\"section\">\n\t\t\t\t\t\t<div class=\"elementor-container elementor-column-gap-default\">\n\t\t\t\t\t<div class=\"elementor-column elementor-col-100 elementor-top-column elementor-element elementor-element-4b6291d9\" data-id=\"4b6291d9\" data-element_type=\"column\" data-e-type=\"column\">\n\t\t\t<div class=\"elementor-widget-wrap elementor-element-populated\">\n\t\t\t\t\t\t<div class=\"elementor-element elementor-element-1651231 elementor-widget__width-initial elementor-widget elementor-widget-text-editor\" data-id=\"1651231\" data-element_type=\"widget\" data-e-type=\"widget\" data-widget_type=\"text-editor.default\">\n\t\t\t\t<div class=\"elementor-widget-container\">\n\t\t\t\t\t\t\t\t\t<p><span style=\"color: var( --e-global-color-text ); font-family: var( --e-global-typography-text-font-family ), Sans-serif; font-weight: var( --e-global-typography-text-font-weight ); font-size: 1em; letter-spacing: 0em;\">Depuis Juin 2023, vous pouvez prendre le contr\u00f4le de Stefline Radio, La 1\u00e8re Webradio Associative du Vignoble Nantais, en choisissant le titre que vous voulez \u00e9couter apr\u00e8s celui qui est en cours de diffusion et en r\u00e9alisant votre d\u00e9dicace qui sera diffus\u00e9e en format texte.<\/span><\/p>\n<p>Vous n&rsquo;avez qu&rsquo;\u00e0 choisir avec la barre de recherche ci-dessous pour s\u00e9lectionner votre titre dans la playlist de Stefline Radio&#8230; Alors LET&rsquo;S GOOOooo!!!<\/p>\t\t\t\t\t\t\t\t<\/div>\n\t\t\t\t<\/div>\n\t\t\t\t\t<\/div>\n\t\t<\/div>\n\t\t\t\t\t<\/div>\n\t\t<\/section>\n\t\t\t\t<section class=\"elementor-section elementor-top-section elementor-element elementor-element-38123a8 elementor-section-boxed elementor-section-height-default elementor-section-height-default\" data-id=\"38123a8\" data-element_type=\"section\" data-e-type=\"section\">\n\t\t\t\t\t\t<div class=\"elementor-container elementor-column-gap-default\">\n\t\t\t\t\t<div class=\"elementor-column elementor-col-100 elementor-top-column elementor-element elementor-element-4d52c2d\" data-id=\"4d52c2d\" data-element_type=\"column\" data-e-type=\"column\">\n\t\t\t<div class=\"elementor-widget-wrap elementor-element-populated\">\n\t\t\t\t\t\t<div class=\"elementor-element elementor-element-c617933 elementor-widget elementor-widget-html\" data-id=\"c617933\" data-element_type=\"widget\" data-e-type=\"widget\" data-widget_type=\"html.default\">\n\t\t\t\t<div class=\"elementor-widget-container\">\n\t\t\t\t\t<div>\r\n<div class=\"sc-track-request-widget\">\r\n<div is=\"track-request-widget\" \r\nlang=\"fr\" \r\napi-base=\"https:\/\/radioairplay.fr:1030\/api\/v2\" \r\nserver-id=\"1\" \r\nip-timeout=\"0\"\r\ntrack-timeout=\"0\"\r\nbgcolor=\"#ffffff\"\r\nbgopacity=\"1\"\r\ntracks_num=\"20\"\r\ntrack_width=\"180\"\r\ntrack_image_default=\"https:\/\/radioairplay.fr:1030https:\/\/radioairplay.fr:1030\/media\/tracks\/default_track_img.png\"\r\nmeta_font_size=\"14\"\r\nmeta_font_style=\"normal\"\r\nmeta_font_color=\"#000000\"\r\nmeta_opacity=\"1\"\r\nbutton_color=\"#530ff0\"\r\nbutton_color_active=\"#bdbf91\"\r\nbutton_font_color=\"#ffffff\"\r\nbutton_font_size=\"14\"\r\nordering=\"1\"\r\nallow_person_and_message=\"true\"\r\nmodal_background_color=\"#ffffff\"\r\nmodal_font_color=\"#000000\"\r\nmodal_background_opacity=\"1\"\r\n>\r\n<\/div>\r\n<\/div>\r\n<\/div>\r\n<link rel=\"stylesheet\" type=\"text\/css\" href=\"https:\/\/radioairplay.fr:1030\/media\/static\/css\/request_track_widget\/request_widget.css\" \/>\r\n<script type=\"text\/javascript\" src=\"https:\/\/radioairplay.fr:1030\/media\/static\/js\/request_track_widget\/request_widget.js\"><\/script>\t\t\t\t<\/div>\n\t\t\t\t<\/div>\n\t\t\t\t\t<\/div>\n\t\t<\/div>\n\t\t\t\t\t<\/div>\n\t\t<\/section>\n\t\t\t\t<\/div>\n\t\t","protected":false},"excerpt":{"rendered":"<p>Depuis Juin 2023, vous pouvez prendre le contr\u00f4le de Stefline Radio, La 1\u00e8re Webradio Associative du Vignoble Nantais, en choisissant le titre que vous voulez \u00e9couter apr\u00e8s celui qui est en cours de diffusion et en r\u00e9alisant votre d\u00e9dicace qui sera diffus\u00e9e en format texte. Vous n&rsquo;avez qu&rsquo;\u00e0 choisir avec ...<\/p>\n","protected":false},"author":1,"featured_media":0,"parent":4370,"menu_order":0,"comment_status":"closed","ping_status":"closed","template":"","meta":{"give_campaign_id":0,"_monsterinsights_skip_tracking":false,"_monsterinsights_sitenote_active":false,"_monsterinsights_sitenote_note":"","_monsterinsights_sitenote_category":0,"footnotes":""},"class_list":["post-6690","page","type-page","status-publish","hentry"],"aioseo_notices":[],"campaignId":"","_links":{"self":[{"href":"https:\/\/stefline.com\/index.php\/wp-json\/wp\/v2\/pages\/6690","targetHints":{"allow":["GET"]}}],"collection":[{"href":"https:\/\/stefline.com\/index.php\/wp-json\/wp\/v2\/pages"}],"about":[{"href":"https:\/\/stefline.com\/index.php\/wp-json\/wp\/v2\/types\/page"}],"author":[{"embeddable":true,"href":"https:\/\/stefline.com\/index.php\/wp-json\/wp\/v2\/users\/1"}],"replies":[{"embeddable":true,"href":"https:\/\/stefline.com\/index.php\/wp-json\/wp\/v2\/comments?post=6690"}],"version-history":[{"count":33,"href":"https:\/\/stefline.com\/index.php\/wp-json\/wp\/v2\/pages\/6690\/revisions"}],"predecessor-version":[{"id":7249,"href":"https:\/\/stefline.com\/index.php\/wp-json\/wp\/v2\/pages\/6690\/revisions\/7249"}],"up":[{"embeddable":true,"href":"https:\/\/stefline.com\/index.php\/wp-json\/wp\/v2\/pages\/4370"}],"wp:attachment":[{"href":"https:\/\/stefline.com\/index.php\/wp-json\/wp\/v2\/media?parent=6690"}],"curies":[{"name":"wp","href":"https:\/\/api.w.org\/{rel}","templated":true}]}}