{"id":5863,"date":"2020-04-28T15:24:15","date_gmt":"2020-04-28T15:24:15","guid":{"rendered":"https:\/\/demo.pro.radio\/wp1\/privacy-policy\/"},"modified":"2022-06-01T10:46:56","modified_gmt":"2022-06-01T08:46:56","slug":"privacy-policy","status":"publish","type":"page","link":"https:\/\/stefline.com\/index.php\/privacy-policy\/","title":{"rendered":"Privacy Policy"},"content":{"rendered":"\r\n<section class=\"content-top\">\r\n<div id=\"block-radiofrance-page-title\" class=\"block block-core block-page-title-block row\">\r\n<div class=\"container-fluid container-1200\">\r\n<div class=\"row\">\r\n<div class=\"col-12 col-md pr-md-2 order-md-1\">\r\n<h1 class=\"text-sub p-1 m-0 wp-block-heading\" style=\"text-align: justify;\"><span class=\"field field--name-title field--type-string field--label-hidden\">Politique de confidentialit\u00e9<\/span><\/h1>\r\n<\/div>\r\n<\/div>\r\n<\/div>\r\n<\/div>\r\n<\/section>\r\n<section class=\"content-top-edition\"><\/section>\r\n<section class=\"content\">\r\n<div class=\"container-fluid container-1200\">\r\n<div class=\"row\">\r\n<div class=\"col-12\">\r\n<div id=\"block-radiofrance-content\" class=\"block block-system block-system-main-block row\">\r\n<div class=\"node__content col-12\" style=\"text-align: justify;\" role=\"article\" data-history-node-id=\"954\">STEFLINE RADIO a engag\u00e9 d\u00e8s 2009 une politique volontariste pour garantir sa mise en conformit\u00e9 avec le r\u00e8glement g\u00e9n\u00e9ral de protection des donn\u00e9es personnelles (RGPD).<\/div>\r\n<\/div>\r\n<\/div>\r\n<\/div>\r\n<\/div>\r\n<\/section>\r\n<section class=\"content-bottom\">\r\n<div class=\"container-fluid container-1400\">\r\n<div class=\"field__item col-12\">\r\n<div class=\"row container-1200 py-2\">\r\n<div class=\"col-12 p-1 body-article\">\r\n<p style=\"text-align: justify;\">En tant que m\u00e9dia public, STEFLINE RADIO a un <strong>devoir d\u2019exemplarit\u00e9 en mati\u00e8re de protection de ces donn\u00e9es<\/strong>, conform\u00e9ment \u00e0 ses missions de m\u00e9dia public et au lien de confiance existant avec ses auditeurs et internautes.<\/p>\r\n<p style=\"text-align: justify;\">Le partage et la collecte de donn\u00e9es connaissent une croissance rapide et massive en raison de l\u2019<strong>\u00e9volution des technologies et des usages favorisant le partage et l\u2019augmentation consid\u00e9rable de la circulation des donn\u00e9es personnelles.<\/strong><\/p>\r\n<p style=\"text-align: justify;\"><strong>La France a jou\u00e9 un r\u00f4le pr\u00e9curseur d\u00e8s 1978 avec la loi relative \u00e0 l\u2019informatique et aux libert\u00e9s dite \u00ab Informatique et Libert\u00e9s \u00bb<\/strong>\u00a0qui a mis en place un arsenal de protection des donn\u00e9es \u00e0 caract\u00e8re personnel, assorti d\u2019obligations et de formalit\u00e9s \u00e0 respecter pour garantir ces droits et a cr\u00e9\u00e9 la Commission Nationale de l\u2019Informatique et des Libert\u00e9s (CNIL) charg\u00e9e de veiller \u00e0 sa bonne application.<\/p>\r\n<p style=\"text-align: justify;\">Un premier pas vers l\u2019harmonisation des l\u00e9gislations entre les diff\u00e9rents \u00e9tats membres de l\u2019Union Europ\u00e9enne a eu lieu par la mise en place d\u2019une directive en 1995.<\/p>\r\n<p style=\"text-align: justify;\">Ce cadre juridique a \u00e9t\u00e9 r\u00e9cemment renforc\u00e9, afin d\u2019offrir une protection accrue des donn\u00e9es pour les citoyens. Il s\u2019agit du<strong>\u00a0r\u00e8glement g\u00e9n\u00e9ral sur la protection des donn\u00e9es (RGPD)<\/strong>\u00a0qui unifie les l\u00e9gislations europ\u00e9ennes. Adopt\u00e9 le 27 avril 2016, ce r\u00e8glement europ\u00e9en renforce la responsabilisation des acteurs \u00e9conomiques dans la protection des personnes dont les donn\u00e9es font l&rsquo;objet de traitement.<\/p>\r\n<p style=\"text-align: justify;\">Le respect de ces r\u00e8gles constitue un facteur de transparence et de confiance \u00e0 l\u2019\u00e9gard des personnes mais \u00e9galement un gage de s\u00e9curit\u00e9 juridique pour l\u2019association STEFLINE RADIO.<\/p>\r\n<p style=\"text-align: justify;\"><strong>Ce r\u00e8glement poursuit un double objectif :<\/strong><\/p>\r\n<p style=\"text-align: justify;\">\u25ba\u00a0<strong>renforcer les droits des personnes dont les donn\u00e9es sont collect\u00e9es<\/strong>\u00a0: \u00e0 cet effet, de nouveaux droits sont cr\u00e9\u00e9s.<\/p>\r\n<p style=\"text-align: justify;\">\u25ba\u00a0<strong>renforcer les obligations des responsables de traitement de donn\u00e9es personnelles<\/strong>\u00a0afin d\u2019offrir de meilleures garanties aux personnes concern\u00e9es sur la gestion et la conservation de leurs donn\u00e9es.<\/p>\r\n<h4 style=\"text-align: justify;\">Droits des personnes<\/h4>\r\n<p style=\"text-align: justify;\"><strong>Le RGPD<\/strong><\/p>\r\n<p style=\"text-align: justify;\"><strong>Renforce les exigences de transparence de l&rsquo;information et d\u2019expression du consentement des personnes concern\u00e9es<\/strong><\/p>\r\n<p style=\"text-align: justify;\">mise \u00e0 disposition d\u2019une information claire, intelligible et ais\u00e9ment accessible permettant aux personnes concern\u00e9es d\u2019\u00eatre inform\u00e9es de l\u2019usage de leur donn\u00e9es, de pouvoir, en principe, exprimer leur consentement et s\u2019opposer au traitement de leurs donn\u00e9es<\/p>\r\n<p style=\"text-align: justify;\"><strong>Consacre le droit \u00e0 l\u2019effacement<\/strong><\/p>\r\n<p style=\"text-align: justify;\">la personne concern\u00e9e peut demander le d\u00e9r\u00e9f\u00e9rencement d\u2019un lien d\u2019un moteur de recherche ou la suppression d\u2019une information d\u00e8s lors qu\u2019ils portent atteinte \u00e0 sa vie priv\u00e9e<\/p>\r\n<p style=\"text-align: justify;\"><strong>Met en place de nouveaux droits<\/strong><br \/>&#8211; le droit \u00e0 la portabilit\u00e9 des donn\u00e9es qui permet de r\u00e9cup\u00e9rer les donn\u00e9es fournies sous une forme ais\u00e9ment r\u00e9utilisable et de les transf\u00e9rer \u00e0 un tiers le cas \u00e9ch\u00e9ant<br \/>&#8211; des conditions particuli\u00e8res pour le traitement des donn\u00e9es des enfants de moins de 16 ans (a priori 15 ans en France) : information r\u00e9dig\u00e9e de fa\u00e7on adapt\u00e9e et recueil du consentement de l\u2019autorit\u00e9 parentale.<\/p>\r\n<h4 style=\"text-align: justify;\">Qu&rsquo;entend-on par donn\u00e9es personnelles ?<\/h4>\r\n<p style=\"text-align: justify;\"><strong>Donn\u00e9es \u00e0 caract\u00e8re personnel<\/strong><br \/>\u00ab toute information se rapportant \u00e0 une personne physique identifi\u00e9e ou identifiable (ci-apr\u00e8s d\u00e9nomm\u00e9e \u00abpersonne concern\u00e9e\u00bb) ; est r\u00e9put\u00e9e \u00eatre une \u00abpersonne physique identifiable\u00bb une personne physique qui peut \u00eatre identifi\u00e9e, directement ou indirectement, notamment par r\u00e9f\u00e9rence \u00e0 un identifiant, tel qu&rsquo;un nom, un num\u00e9ro d&rsquo;identification, des donn\u00e9es de localisation, un identifiant en ligne, ou \u00e0 un ou plusieurs \u00e9l\u00e9ments sp\u00e9cifiques propres \u00e0 son identit\u00e9 physique, physiologique, g\u00e9n\u00e9tique, psychique, \u00e9conomique, culturelle ou sociale \u00bb (RGPD art.4).<\/p>\r\n<p style=\"text-align: justify;\">S&rsquo;il est possible d\u2019identifier une personne par recoupement de plusieurs informations (\u00e2ge, sexe, ville, dipl\u00f4me, etc.) ou par l&rsquo;utilisation de moyens techniques divers, les donn\u00e9es sont toujours consid\u00e9r\u00e9es comme personnelles.<\/p>\r\n<p style=\"text-align: justify;\"><strong>Exemples de donn\u00e9es personnelles<\/strong><\/p>\r\n<ul style=\"text-align: justify;\">\r\n<li>\r\n<p>\u00c9tat civil, identit\u00e9, donn\u00e9es d&rsquo;identification, images\u2026<\/p>\r\n<\/li>\r\n<li>\r\n<p>Vie personnelle (habitudes de vie, situation familiale, etc.)<\/p>\r\n<\/li>\r\n<li>\r\n<p>Informations d&rsquo;ordre \u00e9conomique et financier (revenus, situation financi\u00e8re, situation fiscale, etc.)<\/p>\r\n<\/li>\r\n<li>\r\n<p>Donn\u00e9es de connexion (adresse IP, logs, etc.)<\/p>\r\n<\/li>\r\n<li>\r\n<p>Donn\u00e9es de localisation (d\u00e9placements, donn\u00e9es GPS, GSM, etc.)<\/p>\r\n<\/li>\r\n<\/ul>\r\n<p style=\"text-align: justify;\"><strong>Donn\u00e9es \u00e0 caract\u00e8re personnel dites \u00ab sensibles \u00bb<\/strong><br \/>Information concernant l\u2019origine raciale ou ethnique, les opinions politiques, philosophiques ou religieuses, l\u2019appartenance syndicale, la sant\u00e9 ou la vie sexuelle, les donn\u00e9es g\u00e9n\u00e9tiques, biom\u00e9triques, comprenant le num\u00e9ro NIR, comportant des appr\u00e9ciations sur les difficult\u00e9s sociales des personnes, ainsi que les donn\u00e9es relatives aux infractions p\u00e9nales, aux condamnations\u2026<\/p>\r\n<p style=\"text-align: justify;\">Par principe, la collecte et le traitement de ces donn\u00e9es sont interdits.<\/p>\r\n<p style=\"text-align: justify;\">Ils pourront par exception \u00eatre mis en \u0153uvre si la finalit\u00e9 du traitement l\u2019exige et que le traitement, soit se trouve justifi\u00e9 par un int\u00e9r\u00eat public apr\u00e8s autorisation de la CNIL ou d\u00e9cret en Conseil d\u2019Etat, soit a recueilli le consentement de la personne concern\u00e9e. La collecte et le traitement de ces donn\u00e9es doivent dans ces hypoth\u00e8ses, \u00eatre justifi\u00e9s au cas par cas au regard des objectifs recherch\u00e9s.<\/p>\r\n<p style=\"text-align: justify;\"><strong>Exemples de donn\u00e9es personnelles sensibles<\/strong><\/p>\r\n<ul style=\"text-align: justify;\">\r\n<li>\r\n<p>Donn\u00e9es r\u00e9v\u00e9lant l&rsquo;origine raciale ou ethnique<\/p>\r\n<\/li>\r\n<li>\r\n<p>Donn\u00e9es r\u00e9v\u00e9lant les opinions politiques<\/p>\r\n<\/li>\r\n<li>\r\n<p>Donn\u00e9es r\u00e9v\u00e9lant les convictions religieuses ou philosophiques<\/p>\r\n<\/li>\r\n<li>\r\n<p>Donn\u00e9es r\u00e9v\u00e9lant l&rsquo;appartenance syndicale<\/p>\r\n<\/li>\r\n<li>\r\n<p>Donn\u00e9es g\u00e9n\u00e9tiques<\/p>\r\n<\/li>\r\n<li>\r\n<p>Donn\u00e9es biom\u00e9triques aux fins d&rsquo;identifier une personne physique de mani\u00e8re unique<\/p>\r\n<\/li>\r\n<li>\r\n<p>Donn\u00e9es concernant la sant\u00e9<\/p>\r\n<\/li>\r\n<li>\r\n<p>Donn\u00e9es concernant la vie sexuelle ou l&rsquo;orientation sexuelle<\/p>\r\n<\/li>\r\n<li>\r\n<p>Donn\u00e9es relatives \u00e0 des condamnations p\u00e9nales ou infractions<\/p>\r\n<\/li>\r\n<li>\r\n<p>Num\u00e9ro d&rsquo;identification national unique (NIR pour la France)<\/p>\r\n<\/li>\r\n<\/ul>\r\n<p style=\"text-align: justify;\"><strong>D\u00e9l\u00e9gu\u00e9 \u00e0 la protection des donn\u00e9es personnelles<\/strong><br \/>STEFLINE RADIO, par sa nature associative a nomm\u00e9 un d\u00e9l\u00e9gu\u00e9, le PRESIDENT, \u00e0 la protection des donn\u00e9es personnelles qui veille de mani\u00e8re ind\u00e9pendante au respect de la conformit\u00e9 de STEFLINE RADIO au RGPD.<\/p>\r\n<p style=\"text-align: justify;\">Pour toute question relative \u00e0 ce sujet, vous pouvez contacter le d\u00e9l\u00e9gu\u00e9 \u00e0 la protection des donn\u00e9es personnelles de STEFLINE RADIO \u00e0 l\u2019adresse suivante : <a href=\"mailto:contact@stefline.com\">contact@stefline.com<\/a><\/p>\r\n<p style=\"text-align: justify;\">Pour plus d\u2019informations sur la protection des donn\u00e9es personnelles, le site de la Commission Nationale Informatique et Libert\u00e9s (CNIL):\u00a0<a title=\"Plus d'informations sur la protection des donn\u00e9es personnelles sur le site de la CNIL - Nouvelle fen\u00eatre\" href=\"https:\/\/www.cnil.fr\/\" target=\"_blank\" rel=\"noopener\">www.cnil.fr<\/a><\/p>\r\n<p style=\"text-align: justify;\">STEFLINE RADIO est soucieux de se conformer \u00e0 la r\u00e9glementation fran\u00e7aise et europ\u00e9enne en vigueur a mis en place des mesures d\u2019information et de protection de votre vie priv\u00e9e.<\/p>\r\n<\/div>\r\n<\/div>\r\n<\/div>\r\n<\/div>\r\n<\/section>\r\n","protected":false},"excerpt":{"rendered":"<p>Politique de confidentialit\u00e9 STEFLINE RADIO a engag\u00e9 d\u00e8s 2009 une politique volontariste pour garantir sa mise en conformit\u00e9 avec le r\u00e8glement g\u00e9n\u00e9ral de protection des donn\u00e9es personnelles (RGPD). En tant que m\u00e9dia public, STEFLINE RADIO a un devoir d\u2019exemplarit\u00e9 en mati\u00e8re de protection de ces donn\u00e9es, conform\u00e9ment \u00e0 ses missions ...<\/p>\n","protected":false},"author":1,"featured_media":0,"parent":0,"menu_order":0,"comment_status":"closed","ping_status":"open","template":"","meta":{"give_campaign_id":0,"_monsterinsights_skip_tracking":false,"_monsterinsights_sitenote_active":false,"_monsterinsights_sitenote_note":"","_monsterinsights_sitenote_category":0,"footnotes":""},"class_list":["post-5863","page","type-page","status-publish","hentry"],"aioseo_notices":[],"campaignId":"","_links":{"self":[{"href":"https:\/\/stefline.com\/index.php\/wp-json\/wp\/v2\/pages\/5863","targetHints":{"allow":["GET"]}}],"collection":[{"href":"https:\/\/stefline.com\/index.php\/wp-json\/wp\/v2\/pages"}],"about":[{"href":"https:\/\/stefline.com\/index.php\/wp-json\/wp\/v2\/types\/page"}],"author":[{"embeddable":true,"href":"https:\/\/stefline.com\/index.php\/wp-json\/wp\/v2\/users\/1"}],"replies":[{"embeddable":true,"href":"https:\/\/stefline.com\/index.php\/wp-json\/wp\/v2\/comments?post=5863"}],"version-history":[{"count":5,"href":"https:\/\/stefline.com\/index.php\/wp-json\/wp\/v2\/pages\/5863\/revisions"}],"predecessor-version":[{"id":6884,"href":"https:\/\/stefline.com\/index.php\/wp-json\/wp\/v2\/pages\/5863\/revisions\/6884"}],"wp:attachment":[{"href":"https:\/\/stefline.com\/index.php\/wp-json\/wp\/v2\/media?parent=5863"}],"curies":[{"name":"wp","href":"https:\/\/api.w.org\/{rel}","templated":true}]}}