{"id":4719,"date":"2020-06-03T14:32:04","date_gmt":"2020-06-03T14:32:04","guid":{"rendered":"https:\/\/demo.pro.radio\/wp1\/promote\/"},"modified":"2022-02-22T18:15:33","modified_gmt":"2022-02-22T17:15:33","slug":"promote","status":"publish","type":"page","link":"https:\/\/stefline.com\/index.php\/promote\/","title":{"rendered":"Promote"},"content":{"rendered":"\t\t<div data-elementor-type=\"wp-page\" data-elementor-id=\"4719\" class=\"elementor elementor-4719\">\n\t\t\t\t\t\t<section class=\"elementor-section elementor-top-section elementor-element elementor-element-bd411f0 elementor-section-stretched elementor-section-full_width elementor-section-height-default elementor-section-height-default\" data-id=\"bd411f0\" data-element_type=\"section\" data-e-type=\"section\" data-settings=\"{&quot;stretch_section&quot;:&quot;section-stretched&quot;,&quot;background_background&quot;:&quot;slideshow&quot;,&quot;background_slideshow_gallery&quot;:[{&quot;id&quot;:4552,&quot;url&quot;:&quot;https:\\\/\\\/demo.pro.radio\\\/wp1\\\/wp-content\\\/uploads\\\/2020\\\/06\\\/pr-team-14.jpg&quot;},{&quot;id&quot;:4549,&quot;url&quot;:&quot;https:\\\/\\\/demo.pro.radio\\\/wp1\\\/wp-content\\\/uploads\\\/2020\\\/06\\\/pr-team-11.jpg&quot;},{&quot;id&quot;:4544,&quot;url&quot;:&quot;https:\\\/\\\/demo.pro.radio\\\/wp1\\\/wp-content\\\/uploads\\\/2020\\\/06\\\/pr-team-06.jpg&quot;},{&quot;id&quot;:4531,&quot;url&quot;:&quot;https:\\\/\\\/demo.pro.radio\\\/wp1\\\/wp-content\\\/uploads\\\/2020\\\/06\\\/pr-show-22.jpg&quot;}],&quot;background_slideshow_loop&quot;:&quot;yes&quot;,&quot;background_slideshow_slide_duration&quot;:5000,&quot;background_slideshow_slide_transition&quot;:&quot;fade&quot;,&quot;background_slideshow_transition_duration&quot;:500}\">\n\t\t\t\t\t\t\t<div class=\"elementor-background-overlay\"><\/div>\n\t\t\t\t\t\t\t<div class=\"elementor-container elementor-column-gap-default\">\n\t\t\t\t\t<div class=\"elementor-column elementor-col-100 elementor-top-column elementor-element elementor-element-bd0f04c\" data-id=\"bd0f04c\" data-element_type=\"column\" data-e-type=\"column\" data-settings=\"{&quot;background_background&quot;:&quot;classic&quot;}\">\n\t\t\t<div class=\"elementor-widget-wrap elementor-element-populated\">\n\t\t\t\t\t\t<div class=\"elementor-element elementor-element-8007f7e elementor-widget elementor-widget-proradio-elementor-qt-caption\" data-id=\"8007f7e\" data-element_type=\"widget\" data-e-type=\"widget\" data-widget_type=\"proradio-elementor-qt-caption.default\">\n\t\t\t\t<div class=\"elementor-widget-container\">\n\t\t\t\t\t\t\t<div>\n\t\t\t<h3  class=\"proradio-element-caption proradio-caption  proradio-caption__m center proradio-center proradio-caption__c  \" data-qtwaypoints-offset=\"30\" data-qtwaypoints>\t\t\t\t<span>COLLABORATION<\/span>\n\t\t\t\t<\/h3>\t\t<\/div>\n\t\t\t\t\t\t<\/div>\n\t\t\t\t<\/div>\n\t\t\t\t<div class=\"elementor-element elementor-element-0f989e1 elementor-widget elementor-widget-heading\" data-id=\"0f989e1\" data-element_type=\"widget\" data-e-type=\"widget\" data-widget_type=\"heading.default\">\n\t\t\t\t<div class=\"elementor-widget-container\">\n\t\t\t\t\t<h1 class=\"elementor-heading-title elementor-size-default\">PROMOTION \nSTEFLINE RADIO<\/h1>\t\t\t\t<\/div>\n\t\t\t\t<\/div>\n\t\t\t\t\t<\/div>\n\t\t<\/div>\n\t\t\t\t\t<\/div>\n\t\t<\/section>\n\t\t\t\t<section class=\"elementor-section elementor-top-section elementor-element elementor-element-20e9329 elementor-section-boxed elementor-section-height-default elementor-section-height-default\" data-id=\"20e9329\" data-element_type=\"section\" data-e-type=\"section\">\n\t\t\t\t\t\t<div class=\"elementor-container elementor-column-gap-default\">\n\t\t\t\t\t<div class=\"elementor-column elementor-col-50 elementor-top-column elementor-element elementor-element-9f40cce\" data-id=\"9f40cce\" data-element_type=\"column\" data-e-type=\"column\">\n\t\t\t<div class=\"elementor-widget-wrap elementor-element-populated\">\n\t\t\t\t\t\t<div class=\"elementor-element elementor-element-bd7f699 elementor-widget elementor-widget-heading\" data-id=\"bd7f699\" data-element_type=\"widget\" data-e-type=\"widget\" data-widget_type=\"heading.default\">\n\t\t\t\t<div class=\"elementor-widget-container\">\n\t\t\t\t\t<h2 class=\"elementor-heading-title elementor-size-default\">Nous nous engageons \u00e0 100 % avec nos fans  : promouvoir avec nous, c'est promouvoir avec confiance.<\/h2>\t\t\t\t<\/div>\n\t\t\t\t<\/div>\n\t\t\t\t<div class=\"elementor-element elementor-element-b440079 elementor-widget elementor-widget-text-editor\" data-id=\"b440079\" data-element_type=\"widget\" data-e-type=\"widget\" data-widget_type=\"text-editor.default\">\n\t\t\t\t<div class=\"elementor-widget-container\">\n\t\t\t\t\t\t\t\t\t<p>Prochainement sur cette page vous allez d\u00e9couvrir les Salles de Concerts qui font confiance \u00e0 la 1\u00e8re Webradio Associative du vignoble Nantais (Actus, Dates d\u2019Ev\u00e8nements, Concert) pour diffuser l\u2019information de l\u2019actualit\u00e9 musicale de la R\u00e9gion Nantaise<br \/>La Municipalit\u00e9 de Geneston SOUTIEN l\u2019association \u00ab Stefline Radio \u00bb<br \/>En 2019, arr\u00eat des services de Radionomy au 1er Janvier 2020 (Serveur de diffusion) Stefline Radio, suppression de la subvention de la commune de GENESTON, l\u2019association Stefline Radio apr\u00e8s 10 ans de fonctionnement s\u2019est remont\u00e9e les manches\u2026 En 2020, Stefline Radio est transf\u00e9r\u00e9e sur un nouveau serveur de diffusion qui r\u00e8gle directement les droits \u00e0 la SOCAN, la Mairie de Geneston nous transmet de nouveau une subvention, et avec une grande motivation de l\u2019\u00e9quipe de B\u00e9n\u00e9voles nous pouvons vous confirmer que Stefline Radio continue l\u2019aventure dans la r\u00e9gion du vignoble nantais!!!<\/p><p>Merci \u00e0 tous pour votre soutien\u2026<\/p>\t\t\t\t\t\t\t\t<\/div>\n\t\t\t\t<\/div>\n\t\t\t\t<div class=\"elementor-element elementor-element-b0b7721 elementor-widget elementor-widget-proradio-elementor-button\" data-id=\"b0b7721\" data-element_type=\"widget\" data-e-type=\"widget\" data-widget_type=\"proradio-elementor-button.default\">\n\t\t\t\t<div class=\"elementor-widget-container\">\n\t\t\t\t\t<a href=\"#plans\"   \t\t\t\t\t\t\t\tclass=\"proradio-btn proradio-btn-primary   \">\t\t\t\t\t<i class=\" \"><\/i>\n\t\t\t\t\t<span>LES PLANS (En cours de r\u00e9alisation)<\/span><\/a>\t\t\t\t<\/div>\n\t\t\t\t<\/div>\n\t\t\t\t\t<\/div>\n\t\t<\/div>\n\t\t\t\t<div class=\"elementor-column elementor-col-50 elementor-top-column elementor-element elementor-element-aa5f9f8\" data-id=\"aa5f9f8\" data-element_type=\"column\" data-e-type=\"column\">\n\t\t\t<div class=\"elementor-widget-wrap elementor-element-populated\">\n\t\t\t\t\t\t<div class=\"elementor-element elementor-element-a75a8f9 elementor-widget elementor-widget-image\" data-id=\"a75a8f9\" data-element_type=\"widget\" data-e-type=\"widget\" data-widget_type=\"image.default\">\n\t\t\t\t<div class=\"elementor-widget-container\">\n\t\t\t\t\t\t\t\t\t\t\t\t\t\t\t\t<a href=\"http:\/\/geneston.fr\/\">\n\t\t\t\t\t\t\t<img decoding=\"async\" width=\"194\" height=\"68\" src=\"https:\/\/stefline.com\/wp-content\/uploads\/2022\/02\/logo_geneston.jpg\" class=\"attachment-large size-large wp-image-6723\" alt=\"Stefline Radio - Geneston\" \/>\t\t\t\t\t\t\t\t<\/a>\n\t\t\t\t\t\t\t\t\t\t\t\t\t\t\t<\/div>\n\t\t\t\t<\/div>\n\t\t\t\t<div class=\"elementor-element elementor-element-0323573 elementor-widget elementor-widget-image\" data-id=\"0323573\" data-element_type=\"widget\" data-e-type=\"widget\" data-widget_type=\"image.default\">\n\t\t\t\t<div class=\"elementor-widget-container\">\n\t\t\t\t\t\t\t\t\t\t\t\t\t\t\t\t<a href=\"https:\/\/fr-fr.radioline.co\/ecouter-stefline-radio\">\n\t\t\t\t\t\t\t<img decoding=\"async\" width=\"468\" height=\"60\" src=\"https:\/\/stefline.com\/wp-content\/uploads\/2022\/02\/468x60.jpg\" class=\"attachment-large size-large wp-image-6727\" alt=\"Stefline Radio - Radioline\" \/>\t\t\t\t\t\t\t\t<\/a>\n\t\t\t\t\t\t\t\t\t\t\t\t\t\t\t<\/div>\n\t\t\t\t<\/div>\n\t\t\t\t<div class=\"elementor-element elementor-element-12b6152 elementor-widget elementor-widget-image\" data-id=\"12b6152\" data-element_type=\"widget\" data-e-type=\"widget\" data-widget_type=\"image.default\">\n\t\t\t\t<div class=\"elementor-widget-container\">\n\t\t\t\t\t\t\t\t\t\t\t\t\t\t\t\t<a href=\"https:\/\/www.radio.fr\/s\/stefline\">\n\t\t\t\t\t\t\t<img decoding=\"async\" src=\"https:\/\/stefline.com\/wp-content\/uploads\/elementor\/thumbs\/radio.fr_pos_RGB-pkw9kmj3uqxuju33ogxm2boarv0o23cvh8xkp90ww8.png\" title=\"radio.fr_pos_RGB\" alt=\"Stefline Radio - Radio.fr\" loading=\"lazy\" \/>\t\t\t\t\t\t\t\t<\/a>\n\t\t\t\t\t\t\t\t\t\t\t\t\t\t\t<\/div>\n\t\t\t\t<\/div>\n\t\t\t\t<div class=\"elementor-element elementor-element-65bb84b elementor-widget elementor-widget-image\" data-id=\"65bb84b\" data-element_type=\"widget\" data-e-type=\"widget\" data-widget_type=\"image.default\">\n\t\t\t\t<div class=\"elementor-widget-container\">\n\t\t\t\t\t\t\t\t\t\t\t\t\t\t\t\t<a href=\"https:\/\/ecouterradioenligne.com\/stefline-nantes\/\">\n\t\t\t\t\t\t\t<img decoding=\"async\" src=\"https:\/\/stefline.com\/wp-content\/uploads\/elementor\/thumbs\/logo_radioenligne.com_-pkw9w51ysjh5xa6fisasow2xea0yqhb1cjq1gpwjo2.jpg\" title=\"logo_radioenligne.com\" alt=\"Stefline Radio - radioenligne.com\" loading=\"lazy\" \/>\t\t\t\t\t\t\t\t<\/a>\n\t\t\t\t\t\t\t\t\t\t\t\t\t\t\t<\/div>\n\t\t\t\t<\/div>\n\t\t\t\t<div class=\"elementor-element elementor-element-c13818d elementor-widget elementor-widget-image\" data-id=\"c13818d\" data-element_type=\"widget\" data-e-type=\"widget\" data-widget_type=\"image.default\">\n\t\t\t\t<div class=\"elementor-widget-container\">\n\t\t\t\t\t\t\t\t\t\t\t\t\t\t\t\t<a href=\"http:\/\/radio.garden\/listen\/stefline-radio\/wuu7Frl2\">\n\t\t\t\t\t\t\t<img decoding=\"async\" src=\"https:\/\/stefline.com\/wp-content\/uploads\/elementor\/thumbs\/logo_radio_garden-pkwacye0fx3w1gcfamv6i5tlmo9mqmfwomb2gozw1a.jpg\" title=\"logo_radio_garden\" alt=\"Stefline Radio - Radio Garden\" loading=\"lazy\" \/>\t\t\t\t\t\t\t\t<\/a>\n\t\t\t\t\t\t\t\t\t\t\t\t\t\t\t<\/div>\n\t\t\t\t<\/div>\n\t\t\t\t<div class=\"elementor-element elementor-element-ef4c8f6 elementor-widget elementor-widget-text-editor\" data-id=\"ef4c8f6\" data-element_type=\"widget\" data-e-type=\"widget\" data-widget_type=\"text-editor.default\">\n\t\t\t\t<div class=\"elementor-widget-container\">\n\t\t\t\t\t\t\t\t\t<p><a title=\"Listen radio\" href=\"https:\/\/www.radioguide.fm\/internet-radio-france\/stefline-radio\"><img decoding=\"async\" src=\"https:\/\/www.radioguide.fm\/public\/img\/banners\/animated.gif\" alt=\"Listen radio\" \/><\/a><\/p>\t\t\t\t\t\t\t\t<\/div>\n\t\t\t\t<\/div>\n\t\t\t\t\t<\/div>\n\t\t<\/div>\n\t\t\t\t\t<\/div>\n\t\t<\/section>\n\t\t\t\t<section class=\"elementor-section elementor-top-section elementor-element elementor-element-4622788 elementor-section-boxed elementor-section-height-default elementor-section-height-default\" data-id=\"4622788\" data-element_type=\"section\" data-e-type=\"section\" id=\"plans\" data-settings=\"{&quot;background_background&quot;:&quot;gradient&quot;,&quot;shape_divider_top&quot;:&quot;triangle-asymmetrical&quot;}\">\n\t\t\t\t\t<div class=\"elementor-shape elementor-shape-top\" aria-hidden=\"true\" data-negative=\"false\">\n\t\t\t<svg xmlns=\"http:\/\/www.w3.org\/2000\/svg\" viewBox=\"0 0 1000 100\" preserveAspectRatio=\"none\">\n\t<path class=\"elementor-shape-fill\" d=\"M738,99l262-93V0H0v5.6L738,99z\"\/>\n<\/svg>\t\t<\/div>\n\t\t\t\t\t<div class=\"elementor-container elementor-column-gap-default\">\n\t\t\t\t\t<div class=\"elementor-column elementor-col-100 elementor-top-column elementor-element elementor-element-1065aa2d\" data-id=\"1065aa2d\" data-element_type=\"column\" data-e-type=\"column\">\n\t\t\t<div class=\"elementor-widget-wrap elementor-element-populated\">\n\t\t\t\t\t\t<div class=\"elementor-element elementor-element-555b92b9 elementor-widget elementor-widget-proradio-elementor-qt-caption\" data-id=\"555b92b9\" data-element_type=\"widget\" data-e-type=\"widget\" data-widget_type=\"proradio-elementor-qt-caption.default\">\n\t\t\t\t<div class=\"elementor-widget-container\">\n\t\t\t\t\t\t\t<div>\n\t\t\t<h3  class=\"proradio-element-caption proradio-caption  proradio-caption__s proradio-caption--neg center proradio-center proradio-caption__c  \" data-qtwaypoints-offset=\"30\" data-qtwaypoints>\t\t\t\t<span>PROMOTION AVEC STEFLINE RADIO<\/span>\n\t\t\t\t<\/h3>\t\t<\/div>\n\t\t\t\t\t\t<\/div>\n\t\t\t\t<\/div>\n\t\t\t\t<div class=\"elementor-element elementor-element-48d9c5f9 elementor-widget elementor-widget-heading\" data-id=\"48d9c5f9\" data-element_type=\"widget\" data-e-type=\"widget\" data-widget_type=\"heading.default\">\n\t\t\t\t<div class=\"elementor-widget-container\">\n\t\t\t\t\t<h2 class=\"elementor-heading-title elementor-size-default\">LES PLANS POUR NOS SPONSORS<\/h2>\t\t\t\t<\/div>\n\t\t\t\t<\/div>\n\t\t\t\t<section class=\"elementor-section elementor-inner-section elementor-element elementor-element-6ea78d08 elementor-section-boxed elementor-section-height-default elementor-section-height-default\" data-id=\"6ea78d08\" data-element_type=\"section\" data-e-type=\"section\">\n\t\t\t\t\t\t<div class=\"elementor-container elementor-column-gap-default\">\n\t\t\t\t\t<div class=\"elementor-column elementor-col-100 elementor-inner-column elementor-element elementor-element-7a423155\" data-id=\"7a423155\" data-element_type=\"column\" data-e-type=\"column\">\n\t\t\t<div class=\"elementor-widget-wrap elementor-element-populated\">\n\t\t\t\t\t\t<div class=\"elementor-element elementor-element-c3c8786 elementor-widget elementor-widget-proradio-elementor-button\" data-id=\"c3c8786\" data-element_type=\"widget\" data-e-type=\"widget\" data-widget_type=\"proradio-elementor-button.default\">\n\t\t\t\t<div class=\"elementor-widget-container\">\n\t\t\t\t\t <p class=\"aligncenter\"><a href=\"https:\/\/stefline.com\/index.php\/promote\/\"   \t\t\t\t\t\t\t\tclass=\"proradio-btn proradio-btn__bold aligncenter  \">\t\t\t\t\t<i class=\" \"><\/i>\n\t\t\t\t\t<span>Plus d&#039;infos (En cours)<\/span><\/a><\/p>\t\t\t\t<\/div>\n\t\t\t\t<\/div>\n\t\t\t\t\t<\/div>\n\t\t<\/div>\n\t\t\t\t\t<\/div>\n\t\t<\/section>\n\t\t\t\t\t<\/div>\n\t\t<\/div>\n\t\t\t\t\t<\/div>\n\t\t<\/section>\n\t\t\t\t<section class=\"elementor-section elementor-top-section elementor-element elementor-element-caa7f62 elementor-section-boxed elementor-section-height-default elementor-section-height-default\" data-id=\"caa7f62\" data-element_type=\"section\" data-e-type=\"section\">\n\t\t\t\t\t\t<div class=\"elementor-container elementor-column-gap-default\">\n\t\t\t\t\t<div class=\"elementor-column elementor-col-100 elementor-top-column elementor-element elementor-element-8c78c9d\" data-id=\"8c78c9d\" data-element_type=\"column\" data-e-type=\"column\">\n\t\t\t<div class=\"elementor-widget-wrap elementor-element-populated\">\n\t\t\t\t\t\t<div class=\"elementor-element elementor-element-3736aee elementor-widget elementor-widget-proradio-elementor-sponsors\" data-id=\"3736aee\" data-element_type=\"widget\" data-e-type=\"widget\" data-widget_type=\"proradio-elementor-sponsors.default\">\n\t\t\t\t<div class=\"elementor-widget-container\">\n\t\t\t\t\t\t\t\t<div id=\"gridqt-post-carousel-471969e1ed5132770\" class=\"proradio-owl-sponsorcarousel \">\n\t\t\t\t\t<div id=\"qt-post-carousel-471969e1ed5132770\" class=\"proradio-owl-carousel owl-carousel owl-theme proradio-owl-theme\" \n\t\t\t\t\tdata-items=\"3\"\n\t\t\t\t\tdata-items_tablet=\"2\"\n\t\t\t\t\tdata-items_mobile=\"1\"\n\t\t\t\t\tdata-items_mobile_hori=\"2\"\n\t\t\t\t\tdata-gap=\"30\"\n\t\t\t\t\tdata-pause_on_hover=\"\"\n\t\t\t\t\tdata-loop=\"\" \n\t\t\t\t\tdata-center=\"\" \n\t\t\t\t\tdata-stage_padding=\"0\"\n\t\t\t\t\tdata-nav=\"true\"\n\t\t\t\t\tdata-dots=\"true\" \n\t\t\t\t\tdata-autoplay_timeout=\"4000\" \n\t\t\t\t\tdata-amount=\"1\">\n\t\t\t\t\t\t\t\t\t\t\t\t\t\t<div class=\"proradio-item\">\n\t\t\t\t\t\t\t\t\t<div class=\"proradio-itemcontainer\">\n\t\t\t\t\t\t\t\t\t\t<a href=\"https:\/\/qantumthemes.com\" target=\"_blank\" rel=\"nofollow\" class=\"qt-sponsor\" >\n\t\t\t\t\t\t\t\t\t\t\t <img fetchpriority=\"high\" decoding=\"async\" width=\"600\" height=\"600\" src=\"https:\/\/stefline.com\/wp-content\/uploads\/2018\/03\/DEMO-SPONSORS-LOGOS-7.png\" class=\"attachment-proradio-medium size-proradio-medium wp-post-image\" alt=\"Code Works\" title=\"Code Works\" \/>\t\t\t\t\t\t\t\t\t\t<\/a>\n\t\t\t\t\t\t\t\t\t<\/div>\n\t\t\t\t\t\t\t\t<\/div>\n\t\t\t\t\t\t\t\t            \n\t\t\t\t\t<\/div>\n\t\t\t\t<\/div>\n\t\t\t\t\t\t\t<\/div>\n\t\t\t\t<\/div>\n\t\t\t\t<section class=\"elementor-section elementor-inner-section elementor-element elementor-element-5afc8816 elementor-section-boxed elementor-section-height-default elementor-section-height-default\" data-id=\"5afc8816\" data-element_type=\"section\" data-e-type=\"section\">\n\t\t\t\t\t\t<div class=\"elementor-container elementor-column-gap-wide\">\n\t\t\t\t\t<div class=\"elementor-column elementor-col-33 elementor-inner-column elementor-element elementor-element-30da7d44\" data-id=\"30da7d44\" data-element_type=\"column\" data-e-type=\"column\">\n\t\t\t<div class=\"elementor-widget-wrap elementor-element-populated\">\n\t\t\t\t\t\t<div class=\"elementor-element elementor-element-2921a1d2 elementor-widget elementor-widget-proradio-elementor-pricing-table\" data-id=\"2921a1d2\" data-element_type=\"widget\" data-e-type=\"widget\" data-widget_type=\"proradio-elementor-pricing-table.default\">\n\t\t\t\t<div class=\"elementor-widget-container\">\n\t\t\t\t\t\t\t<div class=\"proradio-pricingtable \">\n\n\t\t\t<div class=\"proradio-pricingtable__content proradio-card proradio-gradprimary  proradio-negative\">\n\t\t\t\t\t\t\t\t\t<i class=\"proradio-gradicon proradio-pricingtable__icon   t2gicon-business-performance-energy icons2go-custom-iconst2gicons_family_business\"><\/i>\n\t\t\t\t\t<h4 class=\"proradio-capfont\">FANS<\/h4><h6>SI VOUS AIMEZ VOTRE RADIO, AIDEZ-LA \u00c0 GRANDIR<\/h6>\t\t\t\t\t<div class=\"proradio-pricingtable__pc\">\n\t\t\t\t\t\t<span class=\"proradio-pricingtable__coin\">\u20ac<\/span>\t\t\t\t\t\t<var class=\"proradio-pricingtable__price\">?<sup>.??<\/sup><sub class=\"proradio-itemmetas l\">\/MOIS<\/sub><\/var>\t\t\t\t\t\t\n\t\t\t\t\t<\/div>\n\n\t\t\t\t\t\t\t\t\t\t\t<ul>\n\t\t\t\t\t\t\t<li class=\"active\"><i class=\"material-icons\">check<\/i> (En cours de R\u00e9alisation)<\/li>\t\t\t\t\t\t<\/ul>\n\t\t\t\t\t\t\t\t\t\t\t<a href=\"#\" class=\"proradio-btn proradio-btn-primary proradio-btn__full\" target=\"_blank\">ACTION<\/a>\n\t\t\t\t\t\t\t\t<\/div>\n\n\t\t<\/div>\n\t\t\t\t\t\t<\/div>\n\t\t\t\t<\/div>\n\t\t\t\t\t<\/div>\n\t\t<\/div>\n\t\t\t\t<div class=\"elementor-column elementor-col-33 elementor-inner-column elementor-element elementor-element-7c2bc396\" data-id=\"7c2bc396\" data-element_type=\"column\" data-e-type=\"column\">\n\t\t\t<div class=\"elementor-widget-wrap elementor-element-populated\">\n\t\t\t\t\t\t<div class=\"elementor-element elementor-element-549c55dd elementor-widget elementor-widget-proradio-elementor-pricing-table\" data-id=\"549c55dd\" data-element_type=\"widget\" data-e-type=\"widget\" data-widget_type=\"proradio-elementor-pricing-table.default\">\n\t\t\t\t<div class=\"elementor-widget-container\">\n\t\t\t\t\t\t\t<div class=\"proradio-pricingtable  proradio-pricingtable__featured \">\n\n\t\t\t<div class=\"proradio-pricingtable__content proradio-card proradio-gradprimary  proradio-gradaccent  proradio-negative\">\n\t\t\t\t\t\t\t\t\t<i class=\"proradio-gradicon proradio-pricingtable__icon   t2gicon-business-performance-arrow-up icons2go-custom-iconst2gicons_family_business\"><\/i>\n\t\t\t\t\t<h4 class=\"proradio-capfont\">SPONSORS<\/h4><h6>FAITES LA PROMOTION AVEC STEFLINE RADIO<\/h6>\t\t\t\t\t<div class=\"proradio-pricingtable__pc\">\n\t\t\t\t\t\t<span class=\"proradio-pricingtable__coin\">\u20ac<\/span>\t\t\t\t\t\t<var class=\"proradio-pricingtable__price\">??<sup>.??<\/sup><sub class=\"proradio-itemmetas l\">\/Mois<\/sub><\/var>\t\t\t\t\t\t\n\t\t\t\t\t<\/div>\n\n\t\t\t\t\t\t\t\t\t\t\t<ul>\n\t\t\t\t\t\t\t<li class=\"active\"><i class=\"material-icons\">check<\/i> (Encours de r\u00e9alisation)<\/li>\t\t\t\t\t\t<\/ul>\n\t\t\t\t\t\t\t\t\t\t\t<a href=\"#\" class=\"proradio-btn proradio-btn-primary proradio-btn__full\" target=\"_blank\">ACTION<\/a>\n\t\t\t\t\t\t\t\t<\/div>\n\n\t\t<\/div>\n\t\t\t\t\t\t<\/div>\n\t\t\t\t<\/div>\n\t\t\t\t\t<\/div>\n\t\t<\/div>\n\t\t\t\t<div class=\"elementor-column elementor-col-33 elementor-inner-column elementor-element elementor-element-62234363\" data-id=\"62234363\" data-element_type=\"column\" data-e-type=\"column\">\n\t\t\t<div class=\"elementor-widget-wrap elementor-element-populated\">\n\t\t\t\t\t\t<div class=\"elementor-element elementor-element-4c8c5ac6 elementor-widget elementor-widget-proradio-elementor-pricing-table\" data-id=\"4c8c5ac6\" data-element_type=\"widget\" data-e-type=\"widget\" data-widget_type=\"proradio-elementor-pricing-table.default\">\n\t\t\t\t<div class=\"elementor-widget-container\">\n\t\t\t\t\t\t\t<div class=\"proradio-pricingtable \">\n\n\t\t\t<div class=\"proradio-pricingtable__content proradio-card proradio-gradprimary  proradio-negative\">\n\t\t\t\t\t\t\t\t\t<i class=\"proradio-gradicon proradio-pricingtable__icon   t2gicon-business-performance-arrow-up icons2go-custom-iconst2gicons_family_business\"><\/i>\n\t\t\t\t\t<h4 class=\"proradio-capfont\">VOTRE ESPACE<\/h4><h6>OBTENEZ UN ESPACE BANNI\u00c8RE MENSUEL<\/h6>\t\t\t\t\t<div class=\"proradio-pricingtable__pc\">\n\t\t\t\t\t\t<span class=\"proradio-pricingtable__coin\">\u20ac<\/span>\t\t\t\t\t\t<var class=\"proradio-pricingtable__price\">??<sup>.??<\/sup><sub class=\"proradio-itemmetas l\">\/Mois<\/sub><\/var>\t\t\t\t\t\t\n\t\t\t\t\t<\/div>\n\n\t\t\t\t\t\t\t\t\t\t\t<ul>\n\t\t\t\t\t\t\t<li class=\"active\"><i class=\"material-icons\">check<\/i> (En cours de r\u00e9alisation)<\/li>\t\t\t\t\t\t<\/ul>\n\t\t\t\t\t\t\t\t\t\t\t<a href=\"#\" class=\"proradio-btn proradio-btn-primary proradio-btn__full\" target=\"_blank\">ACTION<\/a>\n\t\t\t\t\t\t\t\t<\/div>\n\n\t\t<\/div>\n\t\t\t\t\t\t<\/div>\n\t\t\t\t<\/div>\n\t\t\t\t\t<\/div>\n\t\t<\/div>\n\t\t\t\t\t<\/div>\n\t\t<\/section>\n\t\t\t\t\t<\/div>\n\t\t<\/div>\n\t\t\t\t\t<\/div>\n\t\t<\/section>\n\t\t\t\t<\/div>\n\t\t","protected":false},"excerpt":{"rendered":"<p>COLLABORATION PROMOTION STEFLINE RADIO Nous nous engageons \u00e0 100 % avec nos fans : promouvoir avec nous, c&rsquo;est promouvoir avec confiance. Prochainement sur cette page vous allez d\u00e9couvrir les Salles de Concerts qui font confiance \u00e0 la 1\u00e8re Webradio Associative du vignoble Nantais (Actus, Dates d\u2019Ev\u00e8nements, Concert) pour diffuser l\u2019information ...<\/p>\n","protected":false},"author":1,"featured_media":0,"parent":0,"menu_order":0,"comment_status":"closed","ping_status":"closed","template":"page-visualcomposer.php","meta":{"give_campaign_id":0,"_monsterinsights_skip_tracking":false,"_monsterinsights_sitenote_active":false,"_monsterinsights_sitenote_note":"","_monsterinsights_sitenote_category":0,"footnotes":""},"class_list":["post-4719","page","type-page","status-publish","hentry"],"aioseo_notices":[],"campaignId":"","_links":{"self":[{"href":"https:\/\/stefline.com\/index.php\/wp-json\/wp\/v2\/pages\/4719","targetHints":{"allow":["GET"]}}],"collection":[{"href":"https:\/\/stefline.com\/index.php\/wp-json\/wp\/v2\/pages"}],"about":[{"href":"https:\/\/stefline.com\/index.php\/wp-json\/wp\/v2\/types\/page"}],"author":[{"embeddable":true,"href":"https:\/\/stefline.com\/index.php\/wp-json\/wp\/v2\/users\/1"}],"replies":[{"embeddable":true,"href":"https:\/\/stefline.com\/index.php\/wp-json\/wp\/v2\/comments?post=4719"}],"version-history":[{"count":93,"href":"https:\/\/stefline.com\/index.php\/wp-json\/wp\/v2\/pages\/4719\/revisions"}],"predecessor-version":[{"id":6781,"href":"https:\/\/stefline.com\/index.php\/wp-json\/wp\/v2\/pages\/4719\/revisions\/6781"}],"wp:attachment":[{"href":"https:\/\/stefline.com\/index.php\/wp-json\/wp\/v2\/media?parent=4719"}],"curies":[{"name":"wp","href":"https:\/\/api.w.org\/{rel}","templated":true}]}}