{"id":3,"date":"2021-09-13T18:53:36","date_gmt":"2021-09-13T16:53:36","guid":{"rendered":"http:\/\/stefline.com\/?page_id=3"},"modified":"2022-10-29T11:32:52","modified_gmt":"2022-10-29T09:32:52","slug":"politique-de-confidentialite","status":"publish","type":"page","link":"https:\/\/stefline.com\/index.php\/politique-de-confidentialite\/","title":{"rendered":"Politique de confidentialit\u00e9"},"content":{"rendered":"<header class=\"entry-header\">\r\n<h1 class=\"entry-title h1 wp-block-heading\">Vie priv\u00e9e<\/h1>\r\n<\/header>\r\n<div class=\"entry-content herald-entry-content\">\r\n<p><strong>Votre vie priv\u00e9e est importante et nous la respectons.<\/strong>\u00a0Ainsi, chez\u00a0<strong>STEFLINE Radio<\/strong>\u00a0:<\/p>\r\n<p>\u2013 Nous ne vous demandons que les informations personnelles n\u00e9cessaires (contacts et informations l\u00e9gales)<br \/>\u2013 Vos informations personnelles ne sont ni revendues, ni divulgu\u00e9es sauf en cas d\u2019injonction judiciaire<br \/>\u2013 Les informations que nous stockons sur les serveurs se limitent aux informations n\u00e9cessaires aux besoins ci-dessus<br \/>\u2013 Vos informations de paiement pour l\u2019application Job Radio ne nous sont pas communiqu\u00e9es puisque vous payez directement \u00e0 Apple et Google<br \/>\u2013 Enfin, nous ne publions aucunes des informations que vous nous fournissez.<\/p>\r\n<h4 id=\"donnees-collectees\">Donn\u00e9es collect\u00e9es<\/h4>\r\n<p>Tout comme la plupart des op\u00e9rateurs de sites web, Stefline Radio recueille des informations \u00e0 caract\u00e8re anonyme g\u00e9n\u00e9ralement mises \u00e0 disposition par les serveurs et navigateurs web telles que le type de navigateur, les pr\u00e9f\u00e9rences linguistiques, le site de provenance ainsi que la date et l\u2019heure de chaque requ\u00eate du visiteur. Stefline Radio collecte aussi des donn\u00e9es telles que l\u2019adresse de Protocole Internet (IP) qui n\u2019est pas une donn\u00e9e d\u2019identification personnelle en soi, mais qui peut potentiellement le devenir si l\u2019on associe cette donn\u00e9e \u00e0 d\u2019autres informations.<\/p>\r\n<p>Stefline Radio recueille ces informations afin de mieux comprendre l\u2019utilisation de ses sites web par ses visiteurs. \u00c0 cette fin, Stefline Radio peut partager ces donn\u00e9es potentiellement non-anonymes avec ses employ\u00e9s, ses prestataires de services et ses partenaires. Stefline Radio peut \u00e9galement rendre publiques des donn\u00e9es anonymis\u00e9es concernant ses visiteurs, par exemple en publiant un rapport sur les tendances d\u2019utilisation de ses sites web.<\/p>\r\n<h4 id=\"protection-des-donnees-personnellesdroit-d-acces-de-rectification-et-de-suppression\">Protection des donn\u00e9es personnelles<br \/>Droit d\u2019acc\u00e8s, de rectification et de suppression<\/h4>\r\n<p>Conform\u00e9ment \u00e0 l\u2019article 27 de la loi \u201cInformatique et Libert\u00e9s\u201d du 6 janvier 1978, les champs d\u2019information que vous remplissez sur le site sont n\u00e9cessaires \u00e0 l\u2019enregistrement et au traitement de vos demandes. Nous ne les transmettrons pas \u00e0 des tiers.<br \/>Conform\u00e9ment aux dispositions de la loi n\u00b078-17 du 6 janvier 1978 relative \u00e0 l\u2019informatique, aux fichiers et aux libert\u00e9s, les internautes disposent d\u2019un droit d\u2019acc\u00e8s, de modification, de rectification et de suppression des donn\u00e9es qui les concernent. Ce droit s\u2019exerce par email, en justifiant de son identit\u00e9, \u00e0 l\u2019adresse email suivante :\u00a0<a href=\"mailto:contact@stefline.com\">contact@stefline.com<\/a><\/p>\r\n<p>Dans le cas o\u00f9 vous nous fourniriez vos coordonn\u00e9es \u00e0 des fins de contact, l\u2019acc\u00e8s aux donn\u00e9es personnelles que vous nous avez fournies est strictement limit\u00e9 aux seuls membres de l\u2019\u00e9quipe de Stefline Radio. Toute entreprise externe qui serait susceptible d\u2019avoir acc\u00e8s \u00e0 ces donn\u00e9es pour des raisons techniques sera soumise \u00e0 un accord de non-divulgation.<\/p>\r\n<h4 id=\"cession-d-entreprise\">Cession d\u2019entreprise<\/h4>\r\n<p>Dans le cas (tr\u00e8s improbable\u2026) de cession ou de faillite de Stefline Radio, les donn\u00e9es personnelles des utilisateurs font partie de l\u2019actif immat\u00e9riel de l\u2019entreprise. A ce titre, elles seraient transf\u00e9r\u00e9es \u00e0 l\u2019\u00e9ventuel repreneur. Vous avez connaissance qu\u2019un tel transfert peut arriver et que cet \u00e9ventuel repreneur peut continuer \u00e0 utiliser ces donn\u00e9es personnelles dans les m\u00eames conditions.<\/p>\r\n<h4 id=\"changement-de-la-politique-de-confidentialite\">Changement de la politique de confidentialit\u00e9<\/h4>\r\n<p>Stefline Radio peut, occasionnellement, modifier sa politique de confidentialit\u00e9. Chacun de ces changements sera rapport\u00e9 sur cette page. Vous devez v\u00e9rifier cette page de temps en temps afin de vous assurer que vous \u00eates satisfait des changements.<\/p>\r\n<p>En utilisant le site web de Stefline Radio, vous acceptez les termes et conditions de cette politique de confidentialit\u00e9. Si vous n\u2019\u00eates pas d\u2019accord avec les termes et conditions de cette politique de confidentialit\u00e9, veuillez ne pas utiliser ce site web. Vous pouvez savoir quand cette politique de confidentialit\u00e9 a \u00e9t\u00e9 mise \u00e0 jour en consultant la l\u00e9gende \u00ab Derni\u00e8re mise \u00e0 jour \u00bb en haut de cette page. Tout changement de cette politique de confidentialit\u00e9 sera effectif \u00e0 partir du moment o\u00f9 sera publi\u00e9e la politique de confidentialit\u00e9 r\u00e9vis\u00e9e sur notre site web. En utilisant le site web apr\u00e8s ces changements, vous acceptez la politique de confidentialit\u00e9 r\u00e9vis\u00e9e ainsi que sa port\u00e9e. Et si vous avez des questions \u00e0 propos de cette politique de confidentialit\u00e9, veuillez nous contacter.<\/p>\r\n<h4 id=\"statistiques-et-cookies\">Statistiques et cookies<\/h4>\r\n<p>Stefline Radio utilise le logiciel Google Analytics pour suivre et analyser la fr\u00e9quentation sur ses diff\u00e9rentes pages. De fait, nous n\u2019utilisons pas de cookie. L\u2019\u00e9tude des statistiques nous permet d\u2019adapter nos contenus pour am\u00e9liorer leur fr\u00e9quentation et leur visibilit\u00e9 sur le web. C\u2019est pour offrir aux visiteurs la meilleure qualit\u00e9 de service que nous utilisons les donn\u00e9es r\u00e9colt\u00e9es.<\/p>\r\n<\/div>\r\n","protected":false},"excerpt":{"rendered":"<p>Vie priv\u00e9e Votre vie priv\u00e9e est importante et nous la respectons.\u00a0Ainsi, chez\u00a0STEFLINE Radio\u00a0: \u2013 Nous ne vous demandons que les informations personnelles n\u00e9cessaires (contacts et informations l\u00e9gales)\u2013 Vos informations personnelles ne sont ni revendues, ni divulgu\u00e9es sauf en cas d\u2019injonction judiciaire\u2013 Les informations que nous stockons sur les serveurs se ...<\/p>\n","protected":false},"author":1,"featured_media":0,"parent":0,"menu_order":0,"comment_status":"closed","ping_status":"open","template":"","meta":{"give_campaign_id":0,"_monsterinsights_skip_tracking":false,"_monsterinsights_sitenote_active":false,"_monsterinsights_sitenote_note":"","_monsterinsights_sitenote_category":0,"footnotes":""},"class_list":["post-3","page","type-page","status-publish","hentry"],"aioseo_notices":[],"campaignId":"","_links":{"self":[{"href":"https:\/\/stefline.com\/index.php\/wp-json\/wp\/v2\/pages\/3","targetHints":{"allow":["GET"]}}],"collection":[{"href":"https:\/\/stefline.com\/index.php\/wp-json\/wp\/v2\/pages"}],"about":[{"href":"https:\/\/stefline.com\/index.php\/wp-json\/wp\/v2\/types\/page"}],"author":[{"embeddable":true,"href":"https:\/\/stefline.com\/index.php\/wp-json\/wp\/v2\/users\/1"}],"replies":[{"embeddable":true,"href":"https:\/\/stefline.com\/index.php\/wp-json\/wp\/v2\/comments?post=3"}],"version-history":[{"count":1,"href":"https:\/\/stefline.com\/index.php\/wp-json\/wp\/v2\/pages\/3\/revisions"}],"predecessor-version":[{"id":7162,"href":"https:\/\/stefline.com\/index.php\/wp-json\/wp\/v2\/pages\/3\/revisions\/7162"}],"wp:attachment":[{"href":"https:\/\/stefline.com\/index.php\/wp-json\/wp\/v2\/media?parent=3"}],"curies":[{"name":"wp","href":"https:\/\/api.w.org\/{rel}","templated":true}]}}